{"id":10,"date":"2023-07-03T08:21:37","date_gmt":"2023-07-03T08:21:37","guid":{"rendered":"http:\/\/www.darocaderioja.es\/?page_id=10"},"modified":"2024-10-24T11:20:49","modified_gmt":"2024-10-24T11:20:49","slug":"hermosos-portafolios-para-creativos-excepcionales","status":"publish","type":"page","link":"https:\/\/www.darocaderioja.es\/","title":{"rendered":"P\u00e1gina en construcci\u00f3n, disculpe las molestias"},"content":{"rendered":"\n<p class=\"has-text-align-center\"><meta charset=\"utf-8\"><\/meta>Esta p\u00e1gina est\u00e1 en construcci\u00f3n<\/p>\n\n\n\n<div style=\"height:55px\" aria-hidden=\"true\" class=\"wp-block-spacer\"><\/div>\n\n\n\n<div class=\"wp-block-group alignfull has-background is-layout-flow wp-block-group-is-layout-flow\" style=\"background-color:#e5e9ec\">\n<div class=\"wp-block-columns is-layout-flex wp-container-core-columns-is-layout-28f84493 wp-block-columns-is-layout-flex\">\n<div class=\"wp-block-column is-vertically-aligned-center is-layout-flow wp-block-column-is-layout-flow\">\n<h2 class=\"wp-block-heading\">.<\/h2>\n\n\n\n<p>.<\/p>\n\n\n\n<div class=\"wp-block-buttons is-horizontal is-content-justification-left is-layout-flex wp-container-core-buttons-is-layout-20be11b6 wp-block-buttons-is-layout-flex\">\n<div class=\"wp-block-button is-style-outline is-style-outline--1\"><a class=\"wp-block-button__link wp-element-button\">normativas<\/a><\/div>\n<\/div>\n\n\n\n<p><\/p>\n<\/div>\n\n\n\n<div class=\"wp-block-column is-layout-flow wp-block-column-is-layout-flow\">\n<div style=\"height:48px\" aria-hidden=\"true\" class=\"wp-block-spacer\"><\/div>\n\n\n\n<figure class=\"wp-block-image size-large\"><img fetchpriority=\"high\" decoding=\"async\" width=\"1024\" height=\"576\" src=\"http:\/\/www.darocaderioja.es\/wp-content\/uploads\/2024\/10\/normas-1024x576.jpg\" alt=\"\" class=\"wp-image-49\" srcset=\"https:\/\/www.darocaderioja.es\/wp-content\/uploads\/2024\/10\/normas-1024x576.jpg 1024w, https:\/\/www.darocaderioja.es\/wp-content\/uploads\/2024\/10\/normas-300x169.jpg 300w, https:\/\/www.darocaderioja.es\/wp-content\/uploads\/2024\/10\/normas-768x432.jpg 768w, https:\/\/www.darocaderioja.es\/wp-content\/uploads\/2024\/10\/normas.jpg 1280w\" sizes=\"(max-width: 1024px) 100vw, 1024px\" \/><\/figure>\n<\/div>\n<\/div>\n<\/div>\n\n\n\n<div class=\"wp-block-group alignfull is-layout-flow wp-block-group-is-layout-flow\">\n<div class=\"wp-block-columns are-vertically-aligned-center is-layout-flex wp-container-core-columns-is-layout-28f84493 wp-block-columns-is-layout-flex\">\n<div class=\"wp-block-column is-vertically-aligned-center is-layout-flow wp-block-column-is-layout-flow\">\n<div style=\"height:48px\" aria-hidden=\"true\" class=\"wp-block-spacer\"><\/div>\n\n\n\n<figure class=\"wp-block-image size-large\"><img decoding=\"async\" width=\"1024\" height=\"659\" src=\"http:\/\/www.darocaderioja.es\/wp-content\/uploads\/2024\/10\/escritorio-1024x659.jpg\" alt=\"\" class=\"wp-image-47\" srcset=\"https:\/\/www.darocaderioja.es\/wp-content\/uploads\/2024\/10\/escritorio-1024x659.jpg 1024w, https:\/\/www.darocaderioja.es\/wp-content\/uploads\/2024\/10\/escritorio-300x193.jpg 300w, https:\/\/www.darocaderioja.es\/wp-content\/uploads\/2024\/10\/escritorio-768x494.jpg 768w, https:\/\/www.darocaderioja.es\/wp-content\/uploads\/2024\/10\/escritorio-600x386.jpg 600w, https:\/\/www.darocaderioja.es\/wp-content\/uploads\/2024\/10\/escritorio-1200x773.jpg 1200w, https:\/\/www.darocaderioja.es\/wp-content\/uploads\/2024\/10\/escritorio.jpg 1280w\" sizes=\"(max-width: 1024px) 100vw, 1024px\" \/><\/figure>\n<\/div>\n\n\n\n<div class=\"wp-block-column is-vertically-aligned-center is-layout-flow wp-block-column-is-layout-flow\">\n<h2 class=\"wp-block-heading\">FORMULARIOS<\/h2>\n\n\n\n<p>Aqu\u00ed podr\u00e1 descargar los formularios para solicitud de licencias de obras.<\/p>\n\n\n\n<div class=\"wp-block-buttons is-layout-flex wp-block-buttons-is-layout-flex\">\n<div class=\"wp-block-button is-style-outline is-style-outline--2\"><a class=\"wp-block-button__link wp-element-button\" href=\"#\">formularios<\/a><\/div>\n<\/div>\n<\/div>\n<\/div>\n<\/div>\n\n\n\n<div class=\"wp-block-group alignfull has-black-background-color has-background is-layout-flow wp-block-group-is-layout-flow\">\n<h2 class=\"wp-block-heading has-text-align-center has-white-color has-text-color\"><strong>Galer\u00eda<\/strong><\/h2>\n\n\n\n<figure class=\"wp-block-gallery aligncenter has-nested-images columns-default is-cropped wp-block-gallery-3 is-layout-flex wp-block-gallery-is-layout-flex\">\n<figure class=\"wp-block-image size-large\"><img decoding=\"async\" data-id=\"28\" src=\"http:\/\/www.darocaderioja.es\/wp-content\/themes\/inspiro\/assets\/images\/StockSnap_P9QYJ8AAL8.jpg\" alt=\"\" class=\"wp-image-28\"\/><\/figure>\n\n\n\n<figure class=\"wp-block-image size-large\"><img decoding=\"async\" data-id=\"27\" src=\"http:\/\/www.darocaderioja.es\/wp-content\/themes\/inspiro\/assets\/images\/StockSnap_M6D1GS9PSL.jpg\" alt=\"\" class=\"wp-image-27\"\/><\/figure>\n\n\n\n<figure class=\"wp-block-image size-large\"><img decoding=\"async\" data-id=\"26\" src=\"http:\/\/www.darocaderioja.es\/wp-content\/themes\/inspiro\/assets\/images\/StockSnap_JKMGVEJMPU.jpg\" alt=\"\" class=\"wp-image-26\"\/><\/figure>\n\n\n\n<figure class=\"wp-block-image size-large\"><img decoding=\"async\" data-id=\"25\" src=\"http:\/\/www.darocaderioja.es\/wp-content\/themes\/inspiro\/assets\/images\/StockSnap_CXVCF2NNWJ.jpg\" alt=\"\" class=\"wp-image-25\"\/><\/figure>\n\n\n\n<figure class=\"wp-block-image size-large\"><img decoding=\"async\" data-id=\"24\" src=\"http:\/\/www.darocaderioja.es\/wp-content\/themes\/inspiro\/assets\/images\/StockSnap_89BQZ89TLH.jpg\" alt=\"\" class=\"wp-image-24\"\/><\/figure>\n\n\n\n<figure class=\"wp-block-image size-large\"><img decoding=\"async\" data-id=\"29\" src=\"http:\/\/www.darocaderioja.es\/wp-content\/themes\/inspiro\/assets\/images\/StockSnap_PGXCCTCLB5.jpg\" alt=\"\" class=\"wp-image-29\"\/><\/figure>\n<\/figure>\n<\/div>\n\n\n\n<div class=\"wp-block-cover alignfull has-parallax is-light is-position-center-center\" style=\"min-height:375px;aspect-ratio:unset;\"><span aria-hidden=\"true\" class=\"wp-block-cover__background has-black-background-color has-background-dim-40 has-background-dim\"><\/span><div class=\"wp-block-cover__image-background wp-image-24 has-parallax\" style=\"background-position:50% 50%;background-image:url(http:\/\/www.darocaderioja.es\/wp-content\/themes\/inspiro\/assets\/images\/StockSnap_89BQZ89TLH.jpg)\"><\/div><div class=\"wp-block-cover__inner-container is-layout-flow wp-block-cover-is-layout-flow\">\n<p class=\"has-text-align-center has-text-color has-huge-font-size\" style=\"color:#fffffa;line-height:1.1\"><strong>Contacto<\/strong><\/p>\n\n\n\n<p class=\"has-text-align-center\"><\/p>\n\n\n\n<div style=\"height:39px\" aria-hidden=\"true\" class=\"wp-block-spacer\"><\/div>\n\n\n\n<div class=\"wp-block-buttons is-horizontal is-content-justification-center is-layout-flex wp-container-core-buttons-is-layout-03627597 wp-block-buttons-is-layout-flex\">\n<div class=\"wp-block-button is-style-outline is-style-outline--4\"><a class=\"wp-block-button__link has-white-color has-text-color wp-element-button\">CONTACTO<\/a><\/div>\n<\/div>\n<\/div><\/div>\n","protected":false},"excerpt":{"rendered":"<p>Esta p\u00e1gina est\u00e1 en construcci\u00f3n . . FORMULARIOS Aqu\u00ed podr\u00e1 descargar los formularios para solicitud de licencias de obras. Galer\u00eda<\/p>\n","protected":false},"author":1,"featured_media":47,"parent":0,"menu_order":0,"comment_status":"closed","ping_status":"closed","template":"","meta":{"footnotes":""},"class_list":["post-10","page","type-page","status-publish","has-post-thumbnail","hentry"],"featured_media_urls":{"thumbnail":["https:\/\/www.darocaderioja.es\/wp-content\/uploads\/2024\/10\/escritorio-150x150.jpg",150,150,true],"medium":["https:\/\/www.darocaderioja.es\/wp-content\/uploads\/2024\/10\/escritorio-300x193.jpg",300,193,true],"medium_large":["https:\/\/www.darocaderioja.es\/wp-content\/uploads\/2024\/10\/escritorio-768x494.jpg",768,494,true],"large":["https:\/\/www.darocaderioja.es\/wp-content\/uploads\/2024\/10\/escritorio-1024x659.jpg",950,611,true],"1536x1536":["https:\/\/www.darocaderioja.es\/wp-content\/uploads\/2024\/10\/escritorio.jpg",1280,824,false],"2048x2048":["https:\/\/www.darocaderioja.es\/wp-content\/uploads\/2024\/10\/escritorio.jpg",1280,824,false],"inspiro-featured-image":["https:\/\/www.darocaderioja.es\/wp-content\/uploads\/2024\/10\/escritorio.jpg",1280,824,false],"inspiro-loop":["https:\/\/www.darocaderioja.es\/wp-content\/uploads\/2024\/10\/escritorio-950x320.jpg",950,320,true],"inspiro-loop@2x":["https:\/\/www.darocaderioja.es\/wp-content\/uploads\/2024\/10\/escritorio-1280x640.jpg",1280,640,true],"portfolio_item-thumbnail":["https:\/\/www.darocaderioja.es\/wp-content\/uploads\/2024\/10\/escritorio-600x400.jpg",600,400,true],"portfolio_item-thumbnail@2x":["https:\/\/www.darocaderioja.es\/wp-content\/uploads\/2024\/10\/escritorio-1200x800.jpg",1200,800,true],"portfolio_item-masonry":["https:\/\/www.darocaderioja.es\/wp-content\/uploads\/2024\/10\/escritorio-600x386.jpg",600,386,true],"portfolio_item-masonry@2x":["https:\/\/www.darocaderioja.es\/wp-content\/uploads\/2024\/10\/escritorio-1200x773.jpg",1200,773,true],"portfolio_item-thumbnail_cinema":["https:\/\/www.darocaderioja.es\/wp-content\/uploads\/2024\/10\/escritorio-800x335.jpg",800,335,true],"portfolio_item-thumbnail_portrait":["https:\/\/www.darocaderioja.es\/wp-content\/uploads\/2024\/10\/escritorio-600x824.jpg",600,824,true],"portfolio_item-thumbnail_portrait@2x":["https:\/\/www.darocaderioja.es\/wp-content\/uploads\/2024\/10\/escritorio-1200x824.jpg",1200,824,true],"portfolio_item-thumbnail_square":["https:\/\/www.darocaderioja.es\/wp-content\/uploads\/2024\/10\/escritorio-800x800.jpg",800,800,true]},"_links":{"self":[{"href":"https:\/\/www.darocaderioja.es\/index.php\/wp-json\/wp\/v2\/pages\/10","targetHints":{"allow":["GET"]}}],"collection":[{"href":"https:\/\/www.darocaderioja.es\/index.php\/wp-json\/wp\/v2\/pages"}],"about":[{"href":"https:\/\/www.darocaderioja.es\/index.php\/wp-json\/wp\/v2\/types\/page"}],"author":[{"embeddable":true,"href":"https:\/\/www.darocaderioja.es\/index.php\/wp-json\/wp\/v2\/users\/1"}],"replies":[{"embeddable":true,"href":"https:\/\/www.darocaderioja.es\/index.php\/wp-json\/wp\/v2\/comments?post=10"}],"version-history":[{"count":6,"href":"https:\/\/www.darocaderioja.es\/index.php\/wp-json\/wp\/v2\/pages\/10\/revisions"}],"predecessor-version":[{"id":54,"href":"https:\/\/www.darocaderioja.es\/index.php\/wp-json\/wp\/v2\/pages\/10\/revisions\/54"}],"wp:featuredmedia":[{"embeddable":true,"href":"https:\/\/www.darocaderioja.es\/index.php\/wp-json\/wp\/v2\/media\/47"}],"wp:attachment":[{"href":"https:\/\/www.darocaderioja.es\/index.php\/wp-json\/wp\/v2\/media?parent=10"}],"curies":[{"name":"wp","href":"https:\/\/api.w.org\/{rel}","templated":true}]}}